{"id":3608,"date":"2023-01-16T17:15:37","date_gmt":"2023-01-16T16:15:37","guid":{"rendered":"https:\/\/segafredo-ch.derbau.com\/?page_id=3608"},"modified":"2023-07-20T09:53:24","modified_gmt":"2023-07-20T07:53:24","slug":"produits","status":"publish","type":"page","link":"https:\/\/www.segafredo.ch\/fr\/produits\/","title":{"rendered":"Produits"},"content":{"rendered":"<h1 style=\"text-align: center;\"><strong>Les vrais amateurs de caf\u00e9 boivent du caf\u00e9 Segafredo !<\/strong><\/h1>\n<p style=\"text-align: center;\">En Suisse, la plupart des gens boivent au moins une tasse de caf\u00e9 par jour. Les sp\u00e9cialit\u00e9s italiennes de caf\u00e9 sont particuli\u00e8rement appr\u00e9ci\u00e9es. Qu&rsquo;il s&rsquo;agisse d&rsquo;un cappuccino parfait le matin, d&rsquo;un caff\u00e8 latte cr\u00e9meux l&rsquo;apr\u00e8s-midi ou d&rsquo;un espresso rapide entre deux &#8211; avec l&rsquo;offre vari\u00e9e de torr\u00e9factions et d&rsquo;intensit\u00e9s, chaque amateur de caf\u00e9 trouvera son favori chez Segafredo Zanetti !<\/p>\n","protected":false},"excerpt":{"rendered":"<p>Les vrais amateurs de caf\u00e9 boivent du caf\u00e9 Segafredo ! En Suisse, la plupart des gens boivent au moins une [&hellip;]<\/p>\n","protected":false},"author":1,"featured_media":0,"parent":0,"menu_order":8,"comment_status":"closed","ping_status":"closed","template":"page-prodotti.php","meta":{"footnotes":""},"class_list":["post-3608","page","type-page","status-publish","hentry"],"acf":[],"_links":{"self":[{"href":"https:\/\/www.segafredo.ch\/fr\/wp-json\/wp\/v2\/pages\/3608","targetHints":{"allow":["GET"]}}],"collection":[{"href":"https:\/\/www.segafredo.ch\/fr\/wp-json\/wp\/v2\/pages"}],"about":[{"href":"https:\/\/www.segafredo.ch\/fr\/wp-json\/wp\/v2\/types\/page"}],"author":[{"embeddable":true,"href":"https:\/\/www.segafredo.ch\/fr\/wp-json\/wp\/v2\/users\/1"}],"replies":[{"embeddable":true,"href":"https:\/\/www.segafredo.ch\/fr\/wp-json\/wp\/v2\/comments?post=3608"}],"version-history":[{"count":1,"href":"https:\/\/www.segafredo.ch\/fr\/wp-json\/wp\/v2\/pages\/3608\/revisions"}],"predecessor-version":[{"id":3998,"href":"https:\/\/www.segafredo.ch\/fr\/wp-json\/wp\/v2\/pages\/3608\/revisions\/3998"}],"wp:attachment":[{"href":"https:\/\/www.segafredo.ch\/fr\/wp-json\/wp\/v2\/media?parent=3608"}],"curies":[{"name":"wp","href":"https:\/\/api.w.org\/{rel}","templated":true}]}}