{"id":3754,"date":"2020-07-16T18:01:23","date_gmt":"2020-07-16T16:01:23","guid":{"rendered":"https:\/\/segafredo-ch.derbau.com\/franchise\/"},"modified":"2023-01-17T12:18:42","modified_gmt":"2023-01-17T11:18:42","slug":"franchise","status":"publish","type":"page","link":"https:\/\/www.segafredo.ch\/fr\/franchise\/","title":{"rendered":"Franchise"},"content":{"rendered":"<p>Le credo du propri\u00e9taire de l&rsquo;entreprise et fondateur de Segafredo Zanetti, Massimo Zanetti, est de faire conna\u00eetre au monde entier le parfait espresso italien &#8211; il vero espresso italiano.<\/p>\n<p>L&rsquo;interaction parfaite des 5 Segafredo M est d\u00e9terminante pour la r\u00e9ussite optimale d&rsquo;une tasse de Segafredo, qui procure la m\u00eame exp\u00e9rience gustative partout dans le monde<\/p>\n<p>Afin de garantir ce niveau de qualit\u00e9 \u00e9lev\u00e9 et de rendre ainsi la comp\u00e9tence de la marque tangible, des bars franchis\u00e9s ont \u00e9t\u00e9 cr\u00e9\u00e9s dans le monde entier sous le nom de Segafredo Zanetti Espresso : en tant que porteurs de la marque, au centre desquels se trouve la transformation parfaite du grain de caf\u00e9 en une tasse de plaisir de l&rsquo;espresso.<\/p>\n","protected":false},"excerpt":{"rendered":"<p>Le credo du propri\u00e9taire de l&rsquo;entreprise et fondateur de Segafredo Zanetti, Massimo Zanetti, est de faire conna\u00eetre au monde entier [&hellip;]<\/p>\n","protected":false},"author":1,"featured_media":3328,"parent":0,"menu_order":21,"comment_status":"closed","ping_status":"closed","template":"","meta":{"footnotes":""},"class_list":["post-3754","page","type-page","status-publish","has-post-thumbnail","hentry"],"acf":[],"_links":{"self":[{"href":"https:\/\/www.segafredo.ch\/fr\/wp-json\/wp\/v2\/pages\/3754","targetHints":{"allow":["GET"]}}],"collection":[{"href":"https:\/\/www.segafredo.ch\/fr\/wp-json\/wp\/v2\/pages"}],"about":[{"href":"https:\/\/www.segafredo.ch\/fr\/wp-json\/wp\/v2\/types\/page"}],"author":[{"embeddable":true,"href":"https:\/\/www.segafredo.ch\/fr\/wp-json\/wp\/v2\/users\/1"}],"replies":[{"embeddable":true,"href":"https:\/\/www.segafredo.ch\/fr\/wp-json\/wp\/v2\/comments?post=3754"}],"version-history":[{"count":0,"href":"https:\/\/www.segafredo.ch\/fr\/wp-json\/wp\/v2\/pages\/3754\/revisions"}],"wp:featuredmedia":[{"embeddable":true,"href":"https:\/\/www.segafredo.ch\/fr\/wp-json\/wp\/v2\/media\/3328"}],"wp:attachment":[{"href":"https:\/\/www.segafredo.ch\/fr\/wp-json\/wp\/v2\/media?parent=3754"}],"curies":[{"name":"wp","href":"https:\/\/api.w.org\/{rel}","templated":true}]}}