{"id":3757,"date":"2020-07-16T18:05:23","date_gmt":"2020-07-16T16:05:23","guid":{"rendered":"https:\/\/segafredo-ch.derbau.com\/franchise\/segafredo-bars-oesterreich\/"},"modified":"2023-06-05T09:03:07","modified_gmt":"2023-06-05T07:03:07","slug":"segafredo-bars-en-suisse","status":"publish","type":"page","link":"https:\/\/www.segafredo.ch\/fr\/franchise\/segafredo-bars-en-suisse\/","title":{"rendered":"Segafredo Bars en Suisse"},"content":{"rendered":"<p><strong>Benvenuto dans nos bars Segafredo en Suisse!<\/strong><\/p>\n<p>Le bar Segafredo est le lieu des meilleures sp\u00e9cialit\u00e9s de caf\u00e9 italiennes. Mais \u00ab\u00a0La dolce vita\u00a0\u00bb ne vit pas seulement du caf\u00e9 parfait, mais aussi de l&rsquo;ambiance de l&rsquo;Italie et de tous ses plaisirs. Laissez-vous g\u00e2ter par l&rsquo;offre unique de d\u00e9lices italiens dans les Espresso Bars.<\/p>\n<p><a href=\"http:\/\/www.segafredofranchising.com\/\"><u>http:\/\/www.segafredofranchising.com\/<\/u><\/a><\/p>\n","protected":false},"excerpt":{"rendered":"<p>Benvenuto dans nos bars Segafredo en Suisse! Le bar Segafredo est le lieu des meilleures sp\u00e9cialit\u00e9s de caf\u00e9 italiennes. Mais [&hellip;]<\/p>\n","protected":false},"author":1,"featured_media":3330,"parent":3754,"menu_order":23,"comment_status":"closed","ping_status":"closed","template":"","meta":{"footnotes":""},"class_list":["post-3757","page","type-page","status-publish","has-post-thumbnail","hentry"],"acf":[],"_links":{"self":[{"href":"https:\/\/www.segafredo.ch\/fr\/wp-json\/wp\/v2\/pages\/3757","targetHints":{"allow":["GET"]}}],"collection":[{"href":"https:\/\/www.segafredo.ch\/fr\/wp-json\/wp\/v2\/pages"}],"about":[{"href":"https:\/\/www.segafredo.ch\/fr\/wp-json\/wp\/v2\/types\/page"}],"author":[{"embeddable":true,"href":"https:\/\/www.segafredo.ch\/fr\/wp-json\/wp\/v2\/users\/1"}],"replies":[{"embeddable":true,"href":"https:\/\/www.segafredo.ch\/fr\/wp-json\/wp\/v2\/comments?post=3757"}],"version-history":[{"count":1,"href":"https:\/\/www.segafredo.ch\/fr\/wp-json\/wp\/v2\/pages\/3757\/revisions"}],"predecessor-version":[{"id":3994,"href":"https:\/\/www.segafredo.ch\/fr\/wp-json\/wp\/v2\/pages\/3757\/revisions\/3994"}],"up":[{"embeddable":true,"href":"https:\/\/www.segafredo.ch\/fr\/wp-json\/wp\/v2\/pages\/3754"}],"wp:featuredmedia":[{"embeddable":true,"href":"https:\/\/www.segafredo.ch\/fr\/wp-json\/wp\/v2\/media\/3330"}],"wp:attachment":[{"href":"https:\/\/www.segafredo.ch\/fr\/wp-json\/wp\/v2\/media?parent=3757"}],"curies":[{"name":"wp","href":"https:\/\/api.w.org\/{rel}","templated":true}]}}