{"id":3764,"date":"2020-07-16T18:07:31","date_gmt":"2020-07-16T16:07:31","guid":{"rendered":"https:\/\/segafredo-ch.derbau.com\/franchise\/franchise-partner-werden\/"},"modified":"2023-01-17T12:27:01","modified_gmt":"2023-01-17T11:27:01","slug":"franchise-partner-werden","status":"publish","type":"page","link":"https:\/\/www.segafredo.ch\/fr\/franchise\/franchise-partner-werden\/","title":{"rendered":"Devenir partenaire de franchise"},"content":{"rendered":"<p>Guid\u00e9s par l&rsquo;id\u00e9e fondamentale de Segafredo Zanetti Espresso d&rsquo;offrir un lien entre le plaisir parfait du caf\u00e9 et l&rsquo;ambiance du style de vie italien dans le monde entier, les directives g\u00e9n\u00e9rales de l&rsquo;apparence g\u00e9n\u00e9rale constituent un contenu contractuel obligatoire.<\/p>\n<p>Le facteur d\u00e9terminant du succ\u00e8s de Segafredo Zanetti Espresso est la comparabilit\u00e9 absolue des sites. En effet, ce n&rsquo;est que lorsque les attentes du client correspondent \u00e0 la r\u00e9alisation que la confiance et l&rsquo;attachement \u00e0 la marque se d\u00e9veloppent.<\/p>\n<h3>Votre c\u0153ur bat-il aussi pour l&rsquo;Italie?<\/h3>\n<p>Nos partenaires de franchise sont les ambassadeurs du \u00ab\u00a0vero espresso italiano\u00a0\u00bb &#8211; leur c\u0153ur bat pour l&rsquo;Italie, pour l&rsquo;art de vivre \u00e0 l&rsquo;italienne, pour le plaisir de d\u00e9guster un caf\u00e9 et de travailler avec les gens. Un Segafredo Zanetti Espresso ne se reconna\u00eet pas seulement \u00e0 sa signature &#8211; c&rsquo;est plut\u00f4t le m\u00e9lange unique d&rsquo;\u00e9l\u00e9ments de design modernes, de solutions architecturales originales et d&rsquo;un univers de couleurs qui le rend reconnaissable dans le monde entier.<\/p>\n<p>Vous souhaitez devenir un partenaire de franchise Segafredo ?<a href=\"https:\/\/www.segafredo.at\/kontaktformular\/\"> N&rsquo;h\u00e9sitez pas \u00e0 nous contacter!<\/a><\/p>\n","protected":false},"excerpt":{"rendered":"<p>Guid\u00e9s par l&rsquo;id\u00e9e fondamentale de Segafredo Zanetti Espresso d&rsquo;offrir un lien entre le plaisir parfait du caf\u00e9 et l&rsquo;ambiance du [&hellip;]<\/p>\n","protected":false},"author":1,"featured_media":3226,"parent":3754,"menu_order":25,"comment_status":"closed","ping_status":"closed","template":"","meta":{"footnotes":""},"class_list":["post-3764","page","type-page","status-publish","has-post-thumbnail","hentry"],"acf":[],"_links":{"self":[{"href":"https:\/\/www.segafredo.ch\/fr\/wp-json\/wp\/v2\/pages\/3764","targetHints":{"allow":["GET"]}}],"collection":[{"href":"https:\/\/www.segafredo.ch\/fr\/wp-json\/wp\/v2\/pages"}],"about":[{"href":"https:\/\/www.segafredo.ch\/fr\/wp-json\/wp\/v2\/types\/page"}],"author":[{"embeddable":true,"href":"https:\/\/www.segafredo.ch\/fr\/wp-json\/wp\/v2\/users\/1"}],"replies":[{"embeddable":true,"href":"https:\/\/www.segafredo.ch\/fr\/wp-json\/wp\/v2\/comments?post=3764"}],"version-history":[{"count":0,"href":"https:\/\/www.segafredo.ch\/fr\/wp-json\/wp\/v2\/pages\/3764\/revisions"}],"up":[{"embeddable":true,"href":"https:\/\/www.segafredo.ch\/fr\/wp-json\/wp\/v2\/pages\/3754"}],"wp:featuredmedia":[{"embeddable":true,"href":"https:\/\/www.segafredo.ch\/fr\/wp-json\/wp\/v2\/media\/3226"}],"wp:attachment":[{"href":"https:\/\/www.segafredo.ch\/fr\/wp-json\/wp\/v2\/media?parent=3764"}],"curies":[{"name":"wp","href":"https:\/\/api.w.org\/{rel}","templated":true}]}}