{"id":3771,"date":"2020-07-16T18:10:59","date_gmt":"2020-07-16T16:10:59","guid":{"rendered":"https:\/\/segafredo-ch.derbau.com\/scuola-di-barista\/"},"modified":"2023-01-17T12:35:26","modified_gmt":"2023-01-17T11:35:26","slug":"scuola-di-barista","status":"publish","type":"page","link":"https:\/\/www.segafredo.ch\/fr\/scuola-di-barista\/","title":{"rendered":"Scuola di Barista"},"content":{"rendered":"<p>C&rsquo;est avec beaucoup de passion et d\u2019engagement que nos ma\u00eetres torr\u00e9facteurs \u00e9laborent de nouvelles recettes. Nous travaillons sans rel\u00e2che \u00e0 l&rsquo;am\u00e9lioration de la qualit\u00e9 de nos produits. Nous transmettons notre savoir aux professionnels de la gastronomie sous forme de formations.<\/p>\n<p>Mais les amateurs de Segafredo qui pr\u00e9f\u00e8rent d\u00e9guster nos produits chez eux ne sont pas en reste. Nous vous d\u00e9voilons ici des trucs et astuces pour impressionner vos invit\u00e9s avec un cappuccino parfait ou pour vous faire plaisir avec un latte macchiato.<\/p>\n","protected":false},"excerpt":{"rendered":"<p>C&rsquo;est avec beaucoup de passion et d\u2019engagement que nos ma\u00eetres torr\u00e9facteurs \u00e9laborent de nouvelles recettes. Nous travaillons sans rel\u00e2che \u00e0 [&hellip;]<\/p>\n","protected":false},"author":1,"featured_media":3352,"parent":0,"menu_order":27,"comment_status":"closed","ping_status":"closed","template":"","meta":{"footnotes":""},"class_list":["post-3771","page","type-page","status-publish","has-post-thumbnail","hentry"],"acf":[],"_links":{"self":[{"href":"https:\/\/www.segafredo.ch\/fr\/wp-json\/wp\/v2\/pages\/3771","targetHints":{"allow":["GET"]}}],"collection":[{"href":"https:\/\/www.segafredo.ch\/fr\/wp-json\/wp\/v2\/pages"}],"about":[{"href":"https:\/\/www.segafredo.ch\/fr\/wp-json\/wp\/v2\/types\/page"}],"author":[{"embeddable":true,"href":"https:\/\/www.segafredo.ch\/fr\/wp-json\/wp\/v2\/users\/1"}],"replies":[{"embeddable":true,"href":"https:\/\/www.segafredo.ch\/fr\/wp-json\/wp\/v2\/comments?post=3771"}],"version-history":[{"count":0,"href":"https:\/\/www.segafredo.ch\/fr\/wp-json\/wp\/v2\/pages\/3771\/revisions"}],"wp:featuredmedia":[{"embeddable":true,"href":"https:\/\/www.segafredo.ch\/fr\/wp-json\/wp\/v2\/media\/3352"}],"wp:attachment":[{"href":"https:\/\/www.segafredo.ch\/fr\/wp-json\/wp\/v2\/media?parent=3771"}],"curies":[{"name":"wp","href":"https:\/\/api.w.org\/{rel}","templated":true}]}}