{"id":3791,"date":"2020-08-05T12:26:39","date_gmt":"2020-08-05T10:26:39","guid":{"rendered":"https:\/\/segafredo-ch.derbau.com\/scuola-di-barista\/lunivers-du-cafe\/von-der-bohne-bis-zur-tasse\/"},"modified":"2023-01-18T17:11:14","modified_gmt":"2023-01-18T16:11:14","slug":"de-la-feve-a-la-tasse","status":"publish","type":"page","link":"https:\/\/www.segafredo.ch\/fr\/scuola-di-barista\/lunivers-du-cafe\/de-la-feve-a-la-tasse\/","title":{"rendered":"De la feve \u00e0 la tasse"},"content":{"rendered":"<p>Une qualit\u00e9 contr\u00f4l\u00e9e \u00e0 100%, de la culture \u00e0 la tasse d&rsquo;espresso finie.<\/p>\n<p>Les cultures de caf\u00e9 de la plus haute qualit\u00e9 sont cultiv\u00e9es dans les propres plantations de l&rsquo;entreprise au Br\u00e9sil et au Costa Rica. Le caf\u00e9 est ensuite soigneusement m\u00e9lang\u00e9 et torr\u00e9fi\u00e9 dans des installations de torr\u00e9faction ultramodernes pour cr\u00e9er le c\u00e9l\u00e8bre caf\u00e9 italien. En un mot : la culture de l&rsquo;espresso.<\/p>\n","protected":false},"excerpt":{"rendered":"<p>Une qualit\u00e9 contr\u00f4l\u00e9e \u00e0 100%, de la culture \u00e0 la tasse d&rsquo;espresso finie. Les cultures de caf\u00e9 de la plus [&hellip;]<\/p>\n","protected":false},"author":1,"featured_media":3266,"parent":3781,"menu_order":36,"comment_status":"closed","ping_status":"closed","template":"page-contenuto_lunga.php","meta":{"footnotes":""},"class_list":["post-3791","page","type-page","status-publish","has-post-thumbnail","hentry"],"acf":[],"_links":{"self":[{"href":"https:\/\/www.segafredo.ch\/fr\/wp-json\/wp\/v2\/pages\/3791","targetHints":{"allow":["GET"]}}],"collection":[{"href":"https:\/\/www.segafredo.ch\/fr\/wp-json\/wp\/v2\/pages"}],"about":[{"href":"https:\/\/www.segafredo.ch\/fr\/wp-json\/wp\/v2\/types\/page"}],"author":[{"embeddable":true,"href":"https:\/\/www.segafredo.ch\/fr\/wp-json\/wp\/v2\/users\/1"}],"replies":[{"embeddable":true,"href":"https:\/\/www.segafredo.ch\/fr\/wp-json\/wp\/v2\/comments?post=3791"}],"version-history":[{"count":0,"href":"https:\/\/www.segafredo.ch\/fr\/wp-json\/wp\/v2\/pages\/3791\/revisions"}],"up":[{"embeddable":true,"href":"https:\/\/www.segafredo.ch\/fr\/wp-json\/wp\/v2\/pages\/3781"}],"wp:featuredmedia":[{"embeddable":true,"href":"https:\/\/www.segafredo.ch\/fr\/wp-json\/wp\/v2\/media\/3266"}],"wp:attachment":[{"href":"https:\/\/www.segafredo.ch\/fr\/wp-json\/wp\/v2\/media?parent=3791"}],"curies":[{"name":"wp","href":"https:\/\/api.w.org\/{rel}","templated":true}]}}