{"id":3797,"date":"2020-08-05T15:02:12","date_gmt":"2020-08-05T13:02:12","guid":{"rendered":"https:\/\/segafredo-ch.derbau.com\/scuola-di-barista\/lunivers-du-cafe\/5-goldene-regeln-fuer-den-perfekten-espresso-zu-hause\/"},"modified":"2023-01-18T17:19:34","modified_gmt":"2023-01-18T16:19:34","slug":"5-regles-dor-pour-un-espresso-parfait","status":"publish","type":"page","link":"https:\/\/www.segafredo.ch\/fr\/scuola-di-barista\/lunivers-du-cafe\/5-regles-dor-pour-un-espresso-parfait\/","title":{"rendered":"5 regles d\u2019or pour un espresso parfait"},"content":{"rendered":"<p>L&rsquo;espresso est le mode de pr\u00e9paration qui exalte le plus le go\u00fbt et l&rsquo;ar\u00f4me. La pr\u00e9paration d&rsquo;un bon espresso est un v\u00e9ritable art. N\u00e9anmoins, vous pouvez obtenir un r\u00e9sultat optimal en suivant les r\u00e8gles suivantes :<\/p>\n","protected":false},"excerpt":{"rendered":"<p>L&rsquo;espresso est le mode de pr\u00e9paration qui exalte le plus le go\u00fbt et l&rsquo;ar\u00f4me. La pr\u00e9paration d&rsquo;un bon espresso est [&hellip;]<\/p>\n","protected":false},"author":1,"featured_media":3268,"parent":3781,"menu_order":37,"comment_status":"closed","ping_status":"closed","template":"page-contenuto_lunga_icon.php","meta":{"footnotes":""},"class_list":["post-3797","page","type-page","status-publish","has-post-thumbnail","hentry"],"acf":[],"_links":{"self":[{"href":"https:\/\/www.segafredo.ch\/fr\/wp-json\/wp\/v2\/pages\/3797","targetHints":{"allow":["GET"]}}],"collection":[{"href":"https:\/\/www.segafredo.ch\/fr\/wp-json\/wp\/v2\/pages"}],"about":[{"href":"https:\/\/www.segafredo.ch\/fr\/wp-json\/wp\/v2\/types\/page"}],"author":[{"embeddable":true,"href":"https:\/\/www.segafredo.ch\/fr\/wp-json\/wp\/v2\/users\/1"}],"replies":[{"embeddable":true,"href":"https:\/\/www.segafredo.ch\/fr\/wp-json\/wp\/v2\/comments?post=3797"}],"version-history":[{"count":0,"href":"https:\/\/www.segafredo.ch\/fr\/wp-json\/wp\/v2\/pages\/3797\/revisions"}],"up":[{"embeddable":true,"href":"https:\/\/www.segafredo.ch\/fr\/wp-json\/wp\/v2\/pages\/3781"}],"wp:featuredmedia":[{"embeddable":true,"href":"https:\/\/www.segafredo.ch\/fr\/wp-json\/wp\/v2\/media\/3268"}],"wp:attachment":[{"href":"https:\/\/www.segafredo.ch\/fr\/wp-json\/wp\/v2\/media?parent=3797"}],"curies":[{"name":"wp","href":"https:\/\/api.w.org\/{rel}","templated":true}]}}