{"id":3829,"date":"2020-07-16T17:23:37","date_gmt":"2020-07-16T15:23:37","guid":{"rendered":"https:\/\/segafredo-ch.derbau.com\/unternehmen\/geschichte-philosophie\/"},"modified":"2023-01-18T17:33:34","modified_gmt":"2023-01-18T16:33:34","slug":"geschichte-philosophie","status":"publish","type":"page","link":"https:\/\/www.segafredo.ch\/fr\/unternehmen\/geschichte-philosophie\/","title":{"rendered":"Histoire &#038; Philosophie"},"content":{"rendered":"<p><strong>Depuis plus de 10 ans, Segafredo Zanetti \u00e9crit l&rsquo;histoire du caf\u00e9 en Suisse.<\/strong><\/p>\n<p>Segafredo Zanetti a commenc\u00e9 avec la distribution directe en Suisse en 2010. Le si\u00e8ge social se trouve \u00e0 Gen\u00e8ve avec un centre logistique \u00e0 Frick.<\/p>\n<p>Au fil des ann\u00e9es, l&rsquo;\u00e9quipe s&rsquo;est progressivement agrandie et a divis\u00e9 la Suisse en 3 r\u00e9gions principales. Servizio e qualit\u00e0 &#8211; un service de la plus haute qualit\u00e9 pour nos clients.<\/p>\n<p>Depuis des ann\u00e9es, Massimo Zanetti Beverage Group s&rsquo;engage en faveur d&rsquo;une culture et d&rsquo;une gestion durables. Chez Massimo Zanetti Berverage SA Gen\u00e8ve, la flotte de v\u00e9hicules est hybride ce qui nous permet d&rsquo;apporter notre contribution \u00e0 la pr\u00e9servation de notre environnement.<\/p>\n","protected":false},"excerpt":{"rendered":"<p>Depuis plus de 10 ans, Segafredo Zanetti \u00e9crit l&rsquo;histoire du caf\u00e9 en Suisse. Segafredo Zanetti a commenc\u00e9 avec la distribution [&hellip;]<\/p>\n","protected":false},"author":1,"featured_media":3831,"parent":3821,"menu_order":12,"comment_status":"closed","ping_status":"closed","template":"","meta":{"footnotes":""},"class_list":["post-3829","page","type-page","status-publish","has-post-thumbnail","hentry"],"acf":[],"_links":{"self":[{"href":"https:\/\/www.segafredo.ch\/fr\/wp-json\/wp\/v2\/pages\/3829","targetHints":{"allow":["GET"]}}],"collection":[{"href":"https:\/\/www.segafredo.ch\/fr\/wp-json\/wp\/v2\/pages"}],"about":[{"href":"https:\/\/www.segafredo.ch\/fr\/wp-json\/wp\/v2\/types\/page"}],"author":[{"embeddable":true,"href":"https:\/\/www.segafredo.ch\/fr\/wp-json\/wp\/v2\/users\/1"}],"replies":[{"embeddable":true,"href":"https:\/\/www.segafredo.ch\/fr\/wp-json\/wp\/v2\/comments?post=3829"}],"version-history":[{"count":0,"href":"https:\/\/www.segafredo.ch\/fr\/wp-json\/wp\/v2\/pages\/3829\/revisions"}],"up":[{"embeddable":true,"href":"https:\/\/www.segafredo.ch\/fr\/wp-json\/wp\/v2\/pages\/3821"}],"wp:featuredmedia":[{"embeddable":true,"href":"https:\/\/www.segafredo.ch\/fr\/wp-json\/wp\/v2\/media\/3831"}],"wp:attachment":[{"href":"https:\/\/www.segafredo.ch\/fr\/wp-json\/wp\/v2\/media?parent=3829"}],"curies":[{"name":"wp","href":"https:\/\/api.w.org\/{rel}","templated":true}]}}