{"id":3838,"date":"2020-08-06T10:47:51","date_gmt":"2020-08-06T08:47:51","guid":{"rendered":"https:\/\/segafredo-ch.derbau.com\/unternehmen\/mzb-group\/"},"modified":"2023-01-19T16:56:36","modified_gmt":"2023-01-19T15:56:36","slug":"mzb-group","status":"publish","type":"page","link":"https:\/\/www.segafredo.ch\/fr\/unternehmen\/mzb-group\/","title":{"rendered":"MZB Group"},"content":{"rendered":"<p>En 1973, Massimo Zanetti a fond\u00e9 la soci\u00e9t\u00e9 Segafredo Zanetti, qui est aujourd&rsquo;hui connue dans le monde entier. Au d\u00e9but, l&rsquo;activit\u00e9 \u00e9tait limit\u00e9e \u00e0 l&rsquo;Italie, o\u00f9 l&rsquo;entreprise est rapidement devenue le leader du march\u00e9 dans le secteur de la restauration. Au cours de l&rsquo;expansion, les activit\u00e9s commerciales ont \u00e9t\u00e9 \u00e9tendues au consommateur final ainsi qu&rsquo;au commerce de gros, afin de conqu\u00e9rir ensuite les march\u00e9s internationaux.<\/p>\n<p>En savoir plus sur Massimo Zanetti Beverage Group : <a href=\"http:\/\/www.mzb-group.com\">www.mzb-group.com<\/a><\/p>\n","protected":false},"excerpt":{"rendered":"<p>En 1973, Massimo Zanetti a fond\u00e9 la soci\u00e9t\u00e9 Segafredo Zanetti, qui est aujourd&rsquo;hui connue dans le monde entier. Au d\u00e9but, [&hellip;]<\/p>\n","protected":false},"author":1,"featured_media":3841,"parent":3821,"menu_order":15,"comment_status":"closed","ping_status":"closed","template":"","meta":{"footnotes":""},"class_list":["post-3838","page","type-page","status-publish","has-post-thumbnail","hentry"],"acf":[],"_links":{"self":[{"href":"https:\/\/www.segafredo.ch\/fr\/wp-json\/wp\/v2\/pages\/3838","targetHints":{"allow":["GET"]}}],"collection":[{"href":"https:\/\/www.segafredo.ch\/fr\/wp-json\/wp\/v2\/pages"}],"about":[{"href":"https:\/\/www.segafredo.ch\/fr\/wp-json\/wp\/v2\/types\/page"}],"author":[{"embeddable":true,"href":"https:\/\/www.segafredo.ch\/fr\/wp-json\/wp\/v2\/users\/1"}],"replies":[{"embeddable":true,"href":"https:\/\/www.segafredo.ch\/fr\/wp-json\/wp\/v2\/comments?post=3838"}],"version-history":[{"count":0,"href":"https:\/\/www.segafredo.ch\/fr\/wp-json\/wp\/v2\/pages\/3838\/revisions"}],"up":[{"embeddable":true,"href":"https:\/\/www.segafredo.ch\/fr\/wp-json\/wp\/v2\/pages\/3821"}],"wp:featuredmedia":[{"embeddable":true,"href":"https:\/\/www.segafredo.ch\/fr\/wp-json\/wp\/v2\/media\/3841"}],"wp:attachment":[{"href":"https:\/\/www.segafredo.ch\/fr\/wp-json\/wp\/v2\/media?parent=3838"}],"curies":[{"name":"wp","href":"https:\/\/api.w.org\/{rel}","templated":true}]}}