{"id":3859,"date":"2018-08-07T16:15:37","date_gmt":"2018-08-07T14:15:37","guid":{"rendered":"https:\/\/segafredo-ch.derbau.com\/home-page\/"},"modified":"2023-07-20T16:28:42","modified_gmt":"2023-07-20T14:28:42","slug":"home-page","status":"publish","type":"page","link":"https:\/\/www.segafredo.ch\/fr\/","title":{"rendered":"Home Page"},"content":{"rendered":"<h1><strong>Quelle est la magie d&rsquo;un espresso italien original?<\/strong><\/h1>\n<p>Le secret de l\u2019espresso se trouve dans le jeu harmonieux du m\u00e9lange, de la torr\u00e9faction et de la pr\u00e9paration. L&rsquo;art v\u00e9nitien traditionnel de la torr\u00e9faction, les vari\u00e9t\u00e9s de caf\u00e9 vert s\u00e9lectionn\u00e9es et la parfaite manipulation avec la technologie la plus moderne cr\u00e9ent un caf\u00e9 unique : Segafredo Zanetti &#8211; il vero espresso italiano.<\/p>\n","protected":false},"excerpt":{"rendered":"<p>Quelle est la magie d&rsquo;un espresso italien original? Le secret de l\u2019espresso se trouve dans le jeu harmonieux du m\u00e9lange, [&hellip;]<\/p>\n","protected":false},"author":1,"featured_media":0,"parent":0,"menu_order":5,"comment_status":"closed","ping_status":"closed","template":"","meta":{"footnotes":""},"class_list":["post-3859","page","type-page","status-publish","hentry"],"acf":[],"_links":{"self":[{"href":"https:\/\/www.segafredo.ch\/fr\/wp-json\/wp\/v2\/pages\/3859","targetHints":{"allow":["GET"]}}],"collection":[{"href":"https:\/\/www.segafredo.ch\/fr\/wp-json\/wp\/v2\/pages"}],"about":[{"href":"https:\/\/www.segafredo.ch\/fr\/wp-json\/wp\/v2\/types\/page"}],"author":[{"embeddable":true,"href":"https:\/\/www.segafredo.ch\/fr\/wp-json\/wp\/v2\/users\/1"}],"replies":[{"embeddable":true,"href":"https:\/\/www.segafredo.ch\/fr\/wp-json\/wp\/v2\/comments?post=3859"}],"version-history":[{"count":5,"href":"https:\/\/www.segafredo.ch\/fr\/wp-json\/wp\/v2\/pages\/3859\/revisions"}],"predecessor-version":[{"id":4048,"href":"https:\/\/www.segafredo.ch\/fr\/wp-json\/wp\/v2\/pages\/3859\/revisions\/4048"}],"wp:attachment":[{"href":"https:\/\/www.segafredo.ch\/fr\/wp-json\/wp\/v2\/media?parent=3859"}],"curies":[{"name":"wp","href":"https:\/\/api.w.org\/{rel}","templated":true}]}}